{"id":70,"date":"2021-01-26T18:29:16","date_gmt":"2021-01-26T16:29:16","guid":{"rendered":"http:\/\/petraresch.de\/?page_id=70"},"modified":"2021-02-05T13:35:11","modified_gmt":"2021-02-05T11:35:11","slug":"oertlich-schauer","status":"publish","type":"page","link":"https:\/\/petraresch.de\/?page_id=70","title":{"rendered":"\u00f6rtlich schauer"},"content":{"rendered":"\n<figure class=\"wp-block-image size-medium\"><a href=\"http:\/\/petraresch.de\/wp-f9866-content\/uploads\/2021\/02\/P1080457_PetraResch_Lyrikband_oertlich-schauer.jpg\"><img decoding=\"async\" loading=\"lazy\" width=\"181\" height=\"300\" src=\"http:\/\/petraresch.de\/wp-f9866-content\/uploads\/2021\/02\/P1080457_PetraResch_Lyrikband_oertlich-schauer-181x300.jpg\" alt=\"\" class=\"wp-image-358\" srcset=\"https:\/\/petraresch.de\/wp-f9866-content\/uploads\/2021\/02\/P1080457_PetraResch_Lyrikband_oertlich-schauer-181x300.jpg 181w, https:\/\/petraresch.de\/wp-f9866-content\/uploads\/2021\/02\/P1080457_PetraResch_Lyrikband_oertlich-schauer-619x1024.jpg 619w, https:\/\/petraresch.de\/wp-f9866-content\/uploads\/2021\/02\/P1080457_PetraResch_Lyrikband_oertlich-schauer-768x1271.jpg 768w, https:\/\/petraresch.de\/wp-f9866-content\/uploads\/2021\/02\/P1080457_PetraResch_Lyrikband_oertlich-schauer.jpg 850w\" sizes=\"(max-width: 181px) 100vw, 181px\" \/><\/a><\/figure>\n\n\n\n<p>_______________<\/p>\n\n\n\n<p><strong>Gedichte | 2000<\/strong><\/p>\n\n\n\n<p>am canale della navi kannst du mittags auf dem steg liegen<br>und wenn du nicht verbrennen willst, la\u00df deine gedanken<br>zum cimitero san michele fliehen, zur\u00fcck kommt das gr\u00fcn,<br>das du brauchst, gehst du sp\u00e4ter durch cannaregio<\/p>\n\n\n\n<p>_______________<\/p>\n\n\n\n<p>die venezianer unterscheiden sich von den anderen auch<br>durch den betont schnellen schritt. ausdruck von stolz und <br>distanz, die stadt nur zu verleihen, niemals zu vergeben<br>noch heute faltet das licht sich dunkel in den synagogen des ghetto novo.<\/p>\n\n\n\n<p>_______________<\/p>\n\n\n\n<p>das bistro am kanal f\u00fcllt sich nachmittags gegen f\u00fcnf mit<br>den arbeitern, die aus der fabrik str\u00f6men und den kurzen<br>schwarzen schluck aus den winzigen tassen brauchen, der<br>nirgendwo st\u00e4rker sein kann. ein verr\u00fcckter zeigt mir dort <br>seine wei\u00dfen h\u00e4nde und \u00fcber der stadt liegt ein so schwerer <br>geruch, herb und s\u00fc\u00df zugleich, da\u00df es dir die sinne verschl\u00e4gt.<br>in mira wird waschmittel f\u00fcr halb europa produziert.<\/p>\n\n\n\n<p>_______________<\/p>\n\n\n\n<p>giordano bruno besch\u00fctzt auch in dieser nacht die irre alte<br>frau in deren augen aller wahnsinn der scheiterhaufen gl\u00fcht.<br>vielleicht gibt es die angst, es selbst zu sein. niemals<br>wird sie verlacht auf dem campo de fiori.<\/p>\n\n\n\n<p>_______________<\/p>\n\n\n\n<p>langsam w\u00e4scht sich der rotbraune staub aus den kleidern.<br>auf dem grund meiner badewanne liegt rom.<\/p>\n\n\n\n<p>_______________<\/p>\n\n\n\n<p>gegenw\u00e4rtig sind tausende tschetschenen auf der flucht, <br>die luftangriffe sind erkl\u00e4rter teil der kompromi\u00dflosen gewalt<br>gegen die abtr\u00fcnnigen, keine chance den banditen wie es hei\u00dft. <br>der russische plan geht auf, <br>die kinder mit den zerfetzten leibern haben keine chance. <br>das vokabular st\u00fctzt die tatsachen.<br>heute beginnt die klemperer-serie im fernsehen<\/p>\n\n\n\n<p>_______________<\/p>\n\n\n\n<p>seit vierzehn tagen versuche ich, nicht wahnsinnig zu werden.<br>der mistral fegt durch st.remy. van gogh war mir noch nie so nah.<\/p>\n\n\n\n<p>_______________<\/p>\n\n\n\n<p>moskau, 4 uhr fr\u00fch, das mausoleum wird von zwei frauen gr\u00fcndlich ges\u00e4ubert.<br>laut hallt der umgest\u00fctzte blecheimer \u00fcber den roten platz.<\/p>\n\n\n\n<p>_______________<\/p>\n\n\n\n<p>wie s\u00fc\u00df kann s\u00fc\u00dfes sein? nicht s\u00fc\u00dfer als zypriotische sirupn\u00fcsse.<br>halt mich fest.<\/p>\n\n\n\n<p>_______________<\/p>\n\n\n\n<p>am cabo de sao vicente ist europa zu ende, ich bewundere<br>mut und klugheit der weltumsegler, die von ebendiesem ort<br>ihre schiffe ins ungewisse entlie\u00dfen. kein anhaltspunkt<br>nirgendwo.nichts. landschaft, die sich nicht gef\u00fcgig macht.<\/p>\n\n\n\n<p>_______________<\/p>\n","protected":false},"excerpt":{"rendered":"<p>_______________ Gedichte | 2000 am canale della navi kannst du mittags auf dem steg liegenund wenn du nicht verbrennen willst, la\u00df deine gedankenzum cimitero san michele fliehen, zur\u00fcck kommt das gr\u00fcn,das du brauchst, gehst du sp\u00e4ter durch cannaregio _______________ die venezianer unterscheiden sich von den anderen auchdurch den betont schnellen schritt. ausdruck von stolz und &hellip; <a href=\"https:\/\/petraresch.de\/?page_id=70\" class=\"more-link\"><span class=\"screen-reader-text\">\u00f6rtlich schauer<\/span> weiterlesen <span class=\"meta-nav\">&rarr;<\/span><\/a><\/p>\n","protected":false},"author":1,"featured_media":0,"parent":0,"menu_order":0,"comment_status":"closed","ping_status":"closed","template":"","meta":{"footnotes":""},"_links":{"self":[{"href":"https:\/\/petraresch.de\/index.php?rest_route=\/wp\/v2\/pages\/70"}],"collection":[{"href":"https:\/\/petraresch.de\/index.php?rest_route=\/wp\/v2\/pages"}],"about":[{"href":"https:\/\/petraresch.de\/index.php?rest_route=\/wp\/v2\/types\/page"}],"author":[{"embeddable":true,"href":"https:\/\/petraresch.de\/index.php?rest_route=\/wp\/v2\/users\/1"}],"replies":[{"embeddable":true,"href":"https:\/\/petraresch.de\/index.php?rest_route=%2Fwp%2Fv2%2Fcomments&post=70"}],"version-history":[{"count":12,"href":"https:\/\/petraresch.de\/index.php?rest_route=\/wp\/v2\/pages\/70\/revisions"}],"predecessor-version":[{"id":369,"href":"https:\/\/petraresch.de\/index.php?rest_route=\/wp\/v2\/pages\/70\/revisions\/369"}],"wp:attachment":[{"href":"https:\/\/petraresch.de\/index.php?rest_route=%2Fwp%2Fv2%2Fmedia&parent=70"}],"curies":[{"name":"wp","href":"https:\/\/api.w.org\/{rel}","templated":true}]}}