{"id":68,"date":"2021-01-26T18:42:42","date_gmt":"2021-01-26T16:42:42","guid":{"rendered":"http:\/\/petraresch.de\/?page_id=68"},"modified":"2021-02-23T21:52:39","modified_gmt":"2021-02-23T19:52:39","slug":"notiert","status":"publish","type":"page","link":"https:\/\/petraresch.de\/?page_id=68","title":{"rendered":"notiert"},"content":{"rendered":"\n<figure class=\"wp-block-image size-medium\"><a href=\"http:\/\/petraresch.de\/wp-f9866-content\/uploads\/2021\/02\/P1080456_PetraResch_Lyrikband_notiert.jpg\"><img decoding=\"async\" loading=\"lazy\" width=\"188\" height=\"300\" src=\"http:\/\/petraresch.de\/wp-f9866-content\/uploads\/2021\/02\/P1080456_PetraResch_Lyrikband_notiert-188x300.jpg\" alt=\"\" class=\"wp-image-357\" srcset=\"https:\/\/petraresch.de\/wp-f9866-content\/uploads\/2021\/02\/P1080456_PetraResch_Lyrikband_notiert-188x300.jpg 188w, https:\/\/petraresch.de\/wp-f9866-content\/uploads\/2021\/02\/P1080456_PetraResch_Lyrikband_notiert-641x1024.jpg 641w, https:\/\/petraresch.de\/wp-f9866-content\/uploads\/2021\/02\/P1080456_PetraResch_Lyrikband_notiert-768x1227.jpg 768w, https:\/\/petraresch.de\/wp-f9866-content\/uploads\/2021\/02\/P1080456_PetraResch_Lyrikband_notiert.jpg 850w\" sizes=\"(max-width: 188px) 100vw, 188px\" \/><\/a><\/figure>\n\n\n\n<p>_______________<\/p>\n\n\n\n<p><strong>Gedichte | 1998<\/strong><\/p>\n\n\n\n<p class=\"has-normal-font-size\">den grauen, bald neunzigj\u00e4hrigen augen entfunkelte es unerwartet,<br>ich will euch was sagen, eines tages und es dauert  nicht mehr lange,<br>werden alle elektrischen ger\u00e4te platzen-<br>fernseher, computer und so fort, ihr kennt das ja alles,<br>da hei\u00dft es von vorn beginnen, wie die steinmenschen, <br>ich bin nicht mehr dabei, dem gemache sehe ich nur noch von unten zu,<br>in aller ruhe<\/p>\n\n\n\n<p>_______________<\/p>\n\n\n\n<p class=\"has-normal-font-size\">martin,19, hat propangas gekauft, familie und haus in die luft zu jagen,<br>eltern geschieden, vater trinkt, mutter trinkt,<br>neuer vater trinkt, neue mutter trinkt, keiner hat arbeit, <br>alle und alles unter einem dach,<br>mit schwersten verbrennungen liegt er im koma,<br>so oft es geht wird versucht dem jungen ein st\u00fcck haut zu ersetzten,<br>die anderen sind daheim, ansonsten h\u00f6rt man nichts<\/p>\n\n\n\n<p>_______________<\/p>\n\n\n\n<p class=\"has-normal-font-size\">manchmal formen sich bilder unerwartet, in unausweichlicher konzentration wie hier,<br>in diesem vieler jahre lehre verbrauchten saal, mit seinen aufgetriebenen w\u00e4nden, <br>die wohl nichts mehr an rede verkraften, dem ich jede chance l\u00e4ngst abgesprochen hatte.<br>doch die braunschwarzen r\u00e4nder erhalten im einfallenden vormittagslicht einen so w\u00e4rmenden goldenen schimmer <br>und lichtkegel wandeln die beiden verlassenen st\u00fchle da vorn auf dem podest in stille majest\u00e4tische gestalten, <br>da\u00df die einfache sch\u00f6nheit ein leuchten erf\u00e4hrt, welche unglaublich ist.<br>die schattenseite des raumes bestimmt ein notd\u00fcrftig verpacktes instrument, dessen lederne h\u00fclle zerschlissen herabh\u00e4ngt<br>und keine ahnung von musik gew\u00e4hrt,<br>doch das wandernde licht umspielt schon den vorderen fu\u00df und offenbart schwarzen lack hell<br>beinahe bis zum knie. ein gedanke, da\u00df vielleicht in halber stunde alle f\u00fc\u00dfe des fl\u00fcgels an leichtigkeit gew\u00e4nnen,<br>wird durch ruckartiges schlie\u00dfen der \u00fcberlangen, mit staub bis zum fall ges\u00e4ttigter vorh\u00e4nge , <br>die keiner farbe zugeh\u00f6ren, j\u00e4h unterbrochen.<br>vierundf\u00fcnfzig studenten arbeiten in klausur an fragen der k\u00fcnste, die diese nicht stellen.<\/p>\n\n\n\n<p>_______________<\/p>\n\n\n\n<p class=\"has-normal-font-size\">gef\u00e4hrlich ziehen die taschen den k\u00f6rper zur bahn, nicht st\u00fcrzen jetzt,<br>den kindern wom\u00f6glich wieder \u00e4rger machen, <br>oh gott, das n\u00f6tigste f\u00fcr eine woche in sicherheit bringen.<br>nur das sah ich in seinen augen.<\/p>\n\n\n\n<p>_______________<\/p>\n\n\n\n<p class=\"has-normal-font-size\">soeben wurde einer chauffiert, recht flott im violetten bestattungsfahrzeug <br>und sehe doch die schwarze offene kutsche mit sarg und tr\u00e4gern in frack und zylinder <br>als gro\u00dfen denkenden trauerzug, vorfreude auf schmaus und umtrunk nicht ausgeschlossen, <br>mit allen vom hause des toten zum acker,<br>langsam und schweigend in tiefer musik, selbst die pferde schienen begriffen, ein fest !<br>vorfahrt hatte der tote.<br>nun \u00fcberlege ich, brausen besagte unternehmen die chaussee hinab, liegt da einer drin oder nicht?<br>lila ist eine unklare farbe.<\/p>\n\n\n\n<p>_______________<\/p>\n\n\n\n<p class=\"has-normal-font-size\">nur in der ferne verhallt ein gebell zum letzten vertraulichen zeichen der stille,<br>h\u00f6chste konzentration und freiheit, <br>weicht diese stunde, wandelt sich auch das schreiben zum tag hin,<br>br\u00e4nde legen in diesem viel zu kalten haus<\/p>\n\n\n\n<p>_______________<\/p>\n","protected":false},"excerpt":{"rendered":"<p>_______________ Gedichte | 1998 den grauen, bald neunzigj\u00e4hrigen augen entfunkelte es unerwartet,ich will euch was sagen, eines tages und es dauert nicht mehr lange,werden alle elektrischen ger\u00e4te platzen-fernseher, computer und so fort, ihr kennt das ja alles,da hei\u00dft es von vorn beginnen, wie die steinmenschen, ich bin nicht mehr dabei, dem gemache sehe ich nur &hellip; <a href=\"https:\/\/petraresch.de\/?page_id=68\" class=\"more-link\"><span class=\"screen-reader-text\">notiert<\/span> weiterlesen <span class=\"meta-nav\">&rarr;<\/span><\/a><\/p>\n","protected":false},"author":1,"featured_media":0,"parent":0,"menu_order":0,"comment_status":"closed","ping_status":"closed","template":"","meta":{"footnotes":""},"_links":{"self":[{"href":"https:\/\/petraresch.de\/index.php?rest_route=\/wp\/v2\/pages\/68"}],"collection":[{"href":"https:\/\/petraresch.de\/index.php?rest_route=\/wp\/v2\/pages"}],"about":[{"href":"https:\/\/petraresch.de\/index.php?rest_route=\/wp\/v2\/types\/page"}],"author":[{"embeddable":true,"href":"https:\/\/petraresch.de\/index.php?rest_route=\/wp\/v2\/users\/1"}],"replies":[{"embeddable":true,"href":"https:\/\/petraresch.de\/index.php?rest_route=%2Fwp%2Fv2%2Fcomments&post=68"}],"version-history":[{"count":11,"href":"https:\/\/petraresch.de\/index.php?rest_route=\/wp\/v2\/pages\/68\/revisions"}],"predecessor-version":[{"id":590,"href":"https:\/\/petraresch.de\/index.php?rest_route=\/wp\/v2\/pages\/68\/revisions\/590"}],"wp:attachment":[{"href":"https:\/\/petraresch.de\/index.php?rest_route=%2Fwp%2Fv2%2Fmedia&parent=68"}],"curies":[{"name":"wp","href":"https:\/\/api.w.org\/{rel}","templated":true}]}}