{"id":632,"date":"2021-04-06T18:22:59","date_gmt":"2021-04-06T16:22:59","guid":{"rendered":"http:\/\/petraresch.de\/?page_id=632"},"modified":"2022-10-20T12:27:08","modified_gmt":"2022-10-20T10:27:08","slug":"vita","status":"publish","type":"page","link":"https:\/\/petraresch.de\/?page_id=632","title":{"rendered":"Vita"},"content":{"rendered":"\n<p>1956 geboren in Niederottendorf\/Sa.<\/p>\n\n\n\n<p>1962-1974 Schulbesuch in Neustadt und Sebnitz\/Sa.<\/p>\n\n\n\n<p>Zeichenzirkel bei Volkmar Teichmann und im VEB Kombinat Fortschritt&nbsp;<br>bei Dietmar Gubsch<\/p>\n\n\n\n<p>1974-1978 Studium Kunsterziehung\/Deutsch mit Diplom an der PH Dresden<\/p>\n\n\n\n<p>k\u00fcnstlerische Ausbildung u.a. bei Wolfgang Franke, Dr. Renate Tost<\/p>\n\n\n\n<p>1978-1982 T\u00e4tigkeit als Lehrerin<\/p>\n\n\n\n<p>1982-1993 Assistentin an der PH Dresden im Bereich Gestaltungstheorie&nbsp;<br>bei Prof. Adolf B\u00f6hlich und 1987 Promotion<\/p>\n\n\n\n<p>1993-2022 Lehrt\u00e4tigkeit in K\u00fcnstlerischer Praxis und Kunsttheorie an der TU Dresden <br>Institut f\u00fcr Kunst- und Musikwissenschaft<\/p>\n\n\n\n<p>Aufenthalte u.a. in \u00c4gypten, Marokko, Jemen, Jordanien, Tschechien, Polen, Litauen, Griechenland, Italien, Zypern, Portugal und Schottland pr\u00e4gten nachhaltig das bildnerische Sehen und Tun.<\/p>\n","protected":false},"excerpt":{"rendered":"<p>1956 geboren in Niederottendorf\/Sa. 1962-1974 Schulbesuch in Neustadt und Sebnitz\/Sa. Zeichenzirkel bei Volkmar Teichmann und im VEB Kombinat Fortschritt&nbsp;bei Dietmar Gubsch 1974-1978 Studium Kunsterziehung\/Deutsch mit Diplom an der PH Dresden k\u00fcnstlerische Ausbildung u.a. bei Wolfgang Franke, Dr. Renate Tost 1978-1982 T\u00e4tigkeit als Lehrerin 1982-1993 Assistentin an der PH Dresden im Bereich Gestaltungstheorie&nbsp;bei Prof. Adolf B\u00f6hlich &hellip; <a href=\"https:\/\/petraresch.de\/?page_id=632\" class=\"more-link\"><span class=\"screen-reader-text\">Vita<\/span> weiterlesen <span class=\"meta-nav\">&rarr;<\/span><\/a><\/p>\n","protected":false},"author":1,"featured_media":0,"parent":0,"menu_order":0,"comment_status":"closed","ping_status":"closed","template":"","meta":{"footnotes":""},"_links":{"self":[{"href":"https:\/\/petraresch.de\/index.php?rest_route=\/wp\/v2\/pages\/632"}],"collection":[{"href":"https:\/\/petraresch.de\/index.php?rest_route=\/wp\/v2\/pages"}],"about":[{"href":"https:\/\/petraresch.de\/index.php?rest_route=\/wp\/v2\/types\/page"}],"author":[{"embeddable":true,"href":"https:\/\/petraresch.de\/index.php?rest_route=\/wp\/v2\/users\/1"}],"replies":[{"embeddable":true,"href":"https:\/\/petraresch.de\/index.php?rest_route=%2Fwp%2Fv2%2Fcomments&post=632"}],"version-history":[{"count":6,"href":"https:\/\/petraresch.de\/index.php?rest_route=\/wp\/v2\/pages\/632\/revisions"}],"predecessor-version":[{"id":861,"href":"https:\/\/petraresch.de\/index.php?rest_route=\/wp\/v2\/pages\/632\/revisions\/861"}],"wp:attachment":[{"href":"https:\/\/petraresch.de\/index.php?rest_route=%2Fwp%2Fv2%2Fmedia&parent=632"}],"curies":[{"name":"wp","href":"https:\/\/api.w.org\/{rel}","templated":true}]}}