{"id":230,"date":"2021-01-27T15:02:42","date_gmt":"2021-01-27T13:02:42","guid":{"rendered":"http:\/\/petraresch.de\/?page_id=230"},"modified":"2023-06-27T18:00:39","modified_gmt":"2023-06-27T16:00:39","slug":"ausstellungen_","status":"publish","type":"page","link":"https:\/\/petraresch.de\/?page_id=230","title":{"rendered":"Ausstellungen"},"content":{"rendered":"\n<p><strong>Einzelausstellungen<\/strong><\/p>\n\n\n\n<p>Collagen, \u00c4rztehaus Klotzsche | 1991<br>eros ion, TU Dresden, Text: Dr. Axel Sch\u00f6ne | 1994<br>hinter den meeren, Pianohaus- u. Kunsthaus Dresden, Text: Ramona N\u00f6tzold | 2000<br>\u00f6rtlich schauer, TU Dresden, Text: Heinz Wei\u00dfflog | 2005<br>schlaflos-reisen, gemeinsam mit M.-L. Lange, TU Dresden, Text: Dr. Ulrike Stutz |  2007\/08<br>am anderen ort, TU Dresden, Text: Heinz Wei\u00dfflog | 2011<br>bilder umh\u00fcllen die zeit, TU Dresden, Text: Heinz Wei\u00dfflog | 2016<br>\u00fcber die ufer, TU Dresden, Texte: Gwendolin Kremer, Heinz Wei\u00dfflog | 2022<br><br>Unter dem Titel \u00bbBilder zu Bildern\u00ab sind in einer Dauerausstellung des Instituts f\u00fcr Kunst- und Musikwissenschaft der TU Dresden, August-Bebel-Str. 20, im Aufgang und der 1. Etage Collagen und kalligraphische Malereien zu sehen | 2022\/2023<\/p>\n\n\n\n<p><\/p>\n\n\n\n<p><strong>Ausstellungsbeteiligungen<\/strong><\/p>\n\n\n\n<p>Hinter Glas, gemeinsam mit Julia Sch\u00e4fer, TU Dresden | 1995<br>Text zu Fotografien von Christine Starke (Portr\u00e4ts der 90ig-J\u00e4hrigen), Kunsthaus Raskolnikov | 1999<br>Streifz\u00fcge, gemeinsam mit Studierenden, Airport Klotzsche | 2003<br>Florenz-Dresden, Malereien\/ Collagen und Text: due fiume, Rathaus Dresden | 2018\/19<br>Kunst und Lehre an der TU Dresden in den 1990er Jahren in der Galerie der Kustodie im G\u00f6rges-Bau | 2023<\/p>\n\n\n\n<p><br><\/p>\n","protected":false},"excerpt":{"rendered":"<p>Einzelausstellungen Collagen, \u00c4rztehaus Klotzsche | 1991eros ion, TU Dresden, Text: Dr. Axel Sch\u00f6ne | 1994hinter den meeren, Pianohaus- u. Kunsthaus Dresden, Text: Ramona N\u00f6tzold | 2000\u00f6rtlich schauer, TU Dresden, Text: Heinz Wei\u00dfflog | 2005schlaflos-reisen, gemeinsam mit M.-L. Lange, TU Dresden, Text: Dr. Ulrike Stutz | 2007\/08am anderen ort, TU Dresden, Text: Heinz Wei\u00dfflog | 2011bilder &hellip; <a href=\"https:\/\/petraresch.de\/?page_id=230\" class=\"more-link\"><span class=\"screen-reader-text\">Ausstellungen<\/span> weiterlesen <span class=\"meta-nav\">&rarr;<\/span><\/a><\/p>\n","protected":false},"author":1,"featured_media":0,"parent":0,"menu_order":0,"comment_status":"closed","ping_status":"closed","template":"","meta":{"footnotes":""},"_links":{"self":[{"href":"https:\/\/petraresch.de\/index.php?rest_route=\/wp\/v2\/pages\/230"}],"collection":[{"href":"https:\/\/petraresch.de\/index.php?rest_route=\/wp\/v2\/pages"}],"about":[{"href":"https:\/\/petraresch.de\/index.php?rest_route=\/wp\/v2\/types\/page"}],"author":[{"embeddable":true,"href":"https:\/\/petraresch.de\/index.php?rest_route=\/wp\/v2\/users\/1"}],"replies":[{"embeddable":true,"href":"https:\/\/petraresch.de\/index.php?rest_route=%2Fwp%2Fv2%2Fcomments&post=230"}],"version-history":[{"count":16,"href":"https:\/\/petraresch.de\/index.php?rest_route=\/wp\/v2\/pages\/230\/revisions"}],"predecessor-version":[{"id":929,"href":"https:\/\/petraresch.de\/index.php?rest_route=\/wp\/v2\/pages\/230\/revisions\/929"}],"wp:attachment":[{"href":"https:\/\/petraresch.de\/index.php?rest_route=%2Fwp%2Fv2%2Fmedia&parent=230"}],"curies":[{"name":"wp","href":"https:\/\/api.w.org\/{rel}","templated":true}]}}