{"id":21,"date":"2021-01-20T19:47:46","date_gmt":"2021-01-20T17:47:46","guid":{"rendered":"http:\/\/petraresch.de\/?page_id=21"},"modified":"2024-11-26T16:19:13","modified_gmt":"2024-11-26T14:19:13","slug":"texte","status":"publish","type":"page","link":"https:\/\/petraresch.de\/?page_id=21","title":{"rendered":"Texte"},"content":{"rendered":"\n<p><strong>Texte von Petra Resch zu k\u00fcnstlerischen Arbeiten von<\/strong><\/p>\n\n\n\n<p>Dieter Beirich, Adolf B\u00f6hlich, Klaus Drechsler, Wolfgang Franke, Frank Herrmann, Gunter Herrmann, Joachim Heuer, Frank Hoffmann, G\u00fcnther Hornig, Bernd Lawrenz, Volker Lenkeit, Peter Muschter, Ulrike Roesner, Lothar Rericha, Simon Schade, Andreas Seeliger, Werner Schellenberg, Andreas Thieme, Roland Unger, Nuria Quevedo u.a.<\/p>\n\n\n\n<p><\/p>\n\n\n\n<p><\/p>\n\n\n\n<p>_______________<br><\/p>\n\n\n\n<p><strong>Text von Petra Resch zur Er\u00f6ffnung der Ausstellung <\/strong><br><strong>Due fiume &#8211; Zwei Fl\u00fcsse. Segne sulla corrente &#8211; Zeichen der Str\u00f6mung<\/strong><br><strong>(Florenz-Dresden) Rathaus Dresden | 2018-19<\/strong><br><br>\u00dcbersetzung von Gino Tozzetti und Katrin Wegener<\/p>\n\n\n\n<p><strong>Die Zwei<\/strong><\/p>\n\n\n\n<p>Da sich die Elbe und der Arno tats\u00e4chlich nie begegnen, bleibt es eine Phantasie, ob sie h\u00e4tten ein Paar werden k\u00f6nnen oder gar sind. Vielleicht. Am Anfang, ganz zart, entspringen beide Gebirgen und wissen alsbald von den M\u00fchen, m\u00fcssen sich schl\u00e4ngeln und winden, um Wege ringen, sich verbreitern, durch Wald und Flur k\u00e4mpfen, Enge ertragen und Staustufen speisen.<\/p>\n\n\n\n<p>Sie werden gez\u00fcgelt, benutzt und beschmutzt und sp\u00fcren doch in jedem Augenblick ihres Laufs trotzig und stolz, dass es ohne sie an ihren Ufern niemals die leuchtenden Sch\u00e4tze g\u00e4be.<\/p>\n\n\n\n<p>Manchmal aber platzt ihnen der Kragen, sie geraten au\u00dfer Rand und Band, dann ist das Geschrei gro\u00df. Nur, was haben wir ihnen zuvor angetan? Oder, sie d\u00fcrsten eine Zeitlang selbst, bevor alles wieder flie\u00dft und das Wasser des Einen sich ins mittlere Meer sp\u00fclt, das seinerseits die Unschuld schon lange nicht mehr halten kann und in den tiefsten Tiefen eine Traurigkeit birgt. Die andere str\u00f6mt zur n\u00f6rdlichen See, die ihrerseits ob der Lasten st\u00f6hnt und dennoch treffen die Wellen dort und da und hier mal rau, mal sanft an Land und die Badenden vergessen f\u00fcr eine Weile all ihre Sorgen und blinzeln zur Sonne.<br><br><\/p>\n\n\n\n<p><strong>Quei due<\/strong><\/p>\n\n\n\n<p>Dato che nel mondo reale l&#8217;Elba e l&#8217;Arno non si incontrano, la possibilit\u00e0 che possano mai unirsi o che uniti lo siano gi\u00e0 rimane nel mondo della fantasia. Oppure no? Entrambi sgorgano in modo assai discreto dalla montagna ma ben presto impareranno a conoscere la fatica dell&#8217;intrufolarsi serpeggiando e del contorcersi, dell&#8217;aprirsi una strada, del farsi largo sgomitando per boschi e campi, delle ristrettezze e i dislivelli.<\/p>\n\n\n\n<p>Vengono imbrigliati, usati e fatti sporchi, ma loro, spavaldi e orgogliosi, non cessano di sentire in ogni istante della corsa che, senza di loro, quei tesori splendidi sulle rive non sarebbero mai esistiti.<\/p>\n\n\n\n<p>Pu\u00f2 anche darsi che gli prendano i cinque minuti, vadano fuori e non solo di testa, e allora son dolori. Per\u00f2, pensiamo a quante gliene abbiamo combinate! Eppure, a tratti patiscono essi stessi la sete, prima che di nuovo tutto fluisca e l&#8217;acqua del primo si riversi nel Mare di Mezzo, il quale ormai da tempi immemorabili ha perso memoria di innocenza e cova, nelle profondit\u00e0 pi\u00f9 profonde, una tristezza profonda.<\/p>\n\n\n\n<p>L&#8217;altro ai tuffa nel Nordico Mare, il quale vacilla sotto il peso della sua operosit\u00e0. Nonostante questo, in un luogo e nell&#8217;altro, delicatamente o ruvidamente avvolte, le onde incontrano la terra e fanno s\u00ec che i bagnanti dimentichino per un attimo le cure, gli occhi ridotti a due fessure, che ammiccano verso il sole.<br><\/p>\n\n\n\n<p><\/p>\n\n\n\n<p>_______________<\/p>\n\n\n\n<p><\/p>\n\n\n\n<figure class=\"wp-block-gallery has-nested-images columns-default is-cropped wp-block-gallery-1 is-layout-flex wp-block-gallery-is-layout-flex\">\n<figure class=\"wp-block-image size-large\"><a href=\"http:\/\/petraresch.de\/wp-f9866-content\/uploads\/2023\/01\/PR_Cover-Zeitschrift-Ostragehege-106.jpg\"><img decoding=\"async\" loading=\"lazy\" width=\"689\" height=\"1024\" data-id=\"909\" src=\"http:\/\/petraresch.de\/wp-f9866-content\/uploads\/2023\/01\/PR_Cover-Zeitschrift-Ostragehege-106-689x1024.jpg\" alt=\"\" class=\"wp-image-909\" srcset=\"https:\/\/petraresch.de\/wp-f9866-content\/uploads\/2023\/01\/PR_Cover-Zeitschrift-Ostragehege-106-689x1024.jpg 689w, https:\/\/petraresch.de\/wp-f9866-content\/uploads\/2023\/01\/PR_Cover-Zeitschrift-Ostragehege-106-202x300.jpg 202w, https:\/\/petraresch.de\/wp-f9866-content\/uploads\/2023\/01\/PR_Cover-Zeitschrift-Ostragehege-106-768x1142.jpg 768w, https:\/\/petraresch.de\/wp-f9866-content\/uploads\/2023\/01\/PR_Cover-Zeitschrift-Ostragehege-106-1033x1536.jpg 1033w, https:\/\/petraresch.de\/wp-f9866-content\/uploads\/2023\/01\/PR_Cover-Zeitschrift-Ostragehege-106-1377x2048.jpg 1377w, https:\/\/petraresch.de\/wp-f9866-content\/uploads\/2023\/01\/PR_Cover-Zeitschrift-Ostragehege-106.jpg 1482w\" sizes=\"(max-width: 689px) 100vw, 689px\" \/><\/a><\/figure>\n\n\n\n<figure class=\"wp-block-image size-large\"><a href=\"http:\/\/petraresch.de\/wp-f9866-content\/uploads\/2023\/01\/PR_Text-Ostragehege-106-Bildbeschreibung.jpg\"><img decoding=\"async\" loading=\"lazy\" width=\"689\" height=\"1024\" data-id=\"910\" src=\"http:\/\/petraresch.de\/wp-f9866-content\/uploads\/2023\/01\/PR_Text-Ostragehege-106-Bildbeschreibung-689x1024.jpg\" alt=\"\" class=\"wp-image-910\" srcset=\"https:\/\/petraresch.de\/wp-f9866-content\/uploads\/2023\/01\/PR_Text-Ostragehege-106-Bildbeschreibung-689x1024.jpg 689w, https:\/\/petraresch.de\/wp-f9866-content\/uploads\/2023\/01\/PR_Text-Ostragehege-106-Bildbeschreibung-202x300.jpg 202w, https:\/\/petraresch.de\/wp-f9866-content\/uploads\/2023\/01\/PR_Text-Ostragehege-106-Bildbeschreibung-768x1142.jpg 768w, https:\/\/petraresch.de\/wp-f9866-content\/uploads\/2023\/01\/PR_Text-Ostragehege-106-Bildbeschreibung-1033x1536.jpg 1033w, https:\/\/petraresch.de\/wp-f9866-content\/uploads\/2023\/01\/PR_Text-Ostragehege-106-Bildbeschreibung-1377x2048.jpg 1377w, https:\/\/petraresch.de\/wp-f9866-content\/uploads\/2023\/01\/PR_Text-Ostragehege-106-Bildbeschreibung.jpg 1482w\" sizes=\"(max-width: 689px) 100vw, 689px\" \/><\/a><\/figure>\n<\/figure>\n\n\n\n<p><\/p>\n\n\n\n<p><em>Bilder zu Bildern<br>ein Text zur Malerei \u00bbSorbin\u00ab (\u00d6l auf Lwd., 60x80cm, vor 1945) von Johannes K\u00fchl<\/em><\/p>\n","protected":false},"excerpt":{"rendered":"<p>Texte von Petra Resch zu k\u00fcnstlerischen Arbeiten von Dieter Beirich, Adolf B\u00f6hlich, Klaus Drechsler, Wolfgang Franke, Frank Herrmann, Gunter Herrmann, Joachim Heuer, Frank Hoffmann, G\u00fcnther Hornig, Bernd Lawrenz, Volker Lenkeit, Peter Muschter, Ulrike Roesner, Lothar Rericha, Simon Schade, Andreas Seeliger, Werner Schellenberg, Andreas Thieme, Roland Unger, Nuria Quevedo u.a. _______________ Text von Petra Resch zur &hellip; <a href=\"https:\/\/petraresch.de\/?page_id=21\" class=\"more-link\"><span class=\"screen-reader-text\">Texte<\/span> weiterlesen <span class=\"meta-nav\">&rarr;<\/span><\/a><\/p>\n","protected":false},"author":1,"featured_media":0,"parent":0,"menu_order":0,"comment_status":"closed","ping_status":"closed","template":"","meta":{"footnotes":""},"_links":{"self":[{"href":"https:\/\/petraresch.de\/index.php?rest_route=\/wp\/v2\/pages\/21"}],"collection":[{"href":"https:\/\/petraresch.de\/index.php?rest_route=\/wp\/v2\/pages"}],"about":[{"href":"https:\/\/petraresch.de\/index.php?rest_route=\/wp\/v2\/types\/page"}],"author":[{"embeddable":true,"href":"https:\/\/petraresch.de\/index.php?rest_route=\/wp\/v2\/users\/1"}],"replies":[{"embeddable":true,"href":"https:\/\/petraresch.de\/index.php?rest_route=%2Fwp%2Fv2%2Fcomments&post=21"}],"version-history":[{"count":20,"href":"https:\/\/petraresch.de\/index.php?rest_route=\/wp\/v2\/pages\/21\/revisions"}],"predecessor-version":[{"id":957,"href":"https:\/\/petraresch.de\/index.php?rest_route=\/wp\/v2\/pages\/21\/revisions\/957"}],"wp:attachment":[{"href":"https:\/\/petraresch.de\/index.php?rest_route=%2Fwp%2Fv2%2Fmedia&parent=21"}],"curies":[{"name":"wp","href":"https:\/\/api.w.org\/{rel}","templated":true}]}}