{"id":181,"date":"2021-01-26T20:19:28","date_gmt":"2021-01-26T18:19:28","guid":{"rendered":"http:\/\/petraresch.de\/?page_id=181"},"modified":"2021-04-06T18:52:12","modified_gmt":"2021-04-06T16:52:12","slug":"objekte-installationen","status":"publish","type":"page","link":"https:\/\/petraresch.de\/?page_id=181","title":{"rendered":"Objekte"},"content":{"rendered":"\n<figure class=\"wp-block-image size-full is-resized\"><a href=\"http:\/\/petraresch.de\/wp-f9866-content\/uploads\/2021\/02\/Vitrinen1_PR.jpg\"><img decoding=\"async\" loading=\"lazy\" src=\"http:\/\/petraresch.de\/wp-f9866-content\/uploads\/2021\/02\/Vitrinen1_PR.jpg\" alt=\"\" class=\"wp-image-538\" width=\"450\" height=\"390\" srcset=\"https:\/\/petraresch.de\/wp-f9866-content\/uploads\/2021\/02\/Vitrinen1_PR.jpg 900w, https:\/\/petraresch.de\/wp-f9866-content\/uploads\/2021\/02\/Vitrinen1_PR-300x260.jpg 300w, https:\/\/petraresch.de\/wp-f9866-content\/uploads\/2021\/02\/Vitrinen1_PR-768x666.jpg 768w\" sizes=\"(max-width: 450px) 100vw, 450px\" \/><\/a><\/figure>\n\n\n\n<figure class=\"wp-block-image size-full is-resized\"><a href=\"http:\/\/petraresch.de\/wp-f9866-content\/uploads\/2021\/02\/Vitrinen2_PR.jpg\"><img decoding=\"async\" loading=\"lazy\" src=\"http:\/\/petraresch.de\/wp-f9866-content\/uploads\/2021\/02\/Vitrinen2_PR.jpg\" alt=\"\" class=\"wp-image-540\" width=\"450\" height=\"390\" srcset=\"https:\/\/petraresch.de\/wp-f9866-content\/uploads\/2021\/02\/Vitrinen2_PR.jpg 900w, https:\/\/petraresch.de\/wp-f9866-content\/uploads\/2021\/02\/Vitrinen2_PR-300x260.jpg 300w, https:\/\/petraresch.de\/wp-f9866-content\/uploads\/2021\/02\/Vitrinen2_PR-768x666.jpg 768w\" sizes=\"(max-width: 450px) 100vw, 450px\" \/><\/a><\/figure>\n\n\n\n<figure class=\"wp-block-image size-full is-resized\"><a href=\"http:\/\/petraresch.de\/wp-f9866-content\/uploads\/2021\/02\/Vitrinen3_PR.jpg\"><img decoding=\"async\" loading=\"lazy\" src=\"http:\/\/petraresch.de\/wp-f9866-content\/uploads\/2021\/02\/Vitrinen3_PR.jpg\" alt=\"\" class=\"wp-image-541\" width=\"450\" height=\"390\" srcset=\"https:\/\/petraresch.de\/wp-f9866-content\/uploads\/2021\/02\/Vitrinen3_PR.jpg 900w, https:\/\/petraresch.de\/wp-f9866-content\/uploads\/2021\/02\/Vitrinen3_PR-300x260.jpg 300w, https:\/\/petraresch.de\/wp-f9866-content\/uploads\/2021\/02\/Vitrinen3_PR-768x666.jpg 768w\" sizes=\"(max-width: 450px) 100vw, 450px\" \/><\/a><\/figure>\n\n\n\n<p><em>Allt\u00e4gliche Gegenst\u00e4nde gegen allt\u00e4gliche Vertotungen<\/em><br><em>2 Vitrinen unter Verwendung eines Gedichts von Ingeborg Bachmann<\/em><br><em>PH Dresden, LGIII<br>1989<\/em><br><br><br><\/p>\n\n\n\n<figure class=\"wp-block-gallery columns-2 is-cropped wp-block-gallery-1 is-layout-flex wp-block-gallery-is-layout-flex\"><ul class=\"blocks-gallery-grid\"><li class=\"blocks-gallery-item\"><figure><a href=\"http:\/\/petraresch.de\/wp-f9866-content\/uploads\/2021\/02\/P1080449_PetraResch_Tuchbild.jpg\"><img decoding=\"async\" loading=\"lazy\" width=\"426\" height=\"1024\" src=\"http:\/\/petraresch.de\/wp-f9866-content\/uploads\/2021\/02\/P1080449_PetraResch_Tuchbild-426x1024.jpg\" alt=\"\" data-id=\"558\" data-full-url=\"http:\/\/petraresch.de\/wp-f9866-content\/uploads\/2021\/02\/P1080449_PetraResch_Tuchbild.jpg\" data-link=\"http:\/\/petraresch.de\/?attachment_id=558\" class=\"wp-image-558\" srcset=\"https:\/\/petraresch.de\/wp-f9866-content\/uploads\/2021\/02\/P1080449_PetraResch_Tuchbild-426x1024.jpg 426w, https:\/\/petraresch.de\/wp-f9866-content\/uploads\/2021\/02\/P1080449_PetraResch_Tuchbild-125x300.jpg 125w, https:\/\/petraresch.de\/wp-f9866-content\/uploads\/2021\/02\/P1080449_PetraResch_Tuchbild-768x1846.jpg 768w, https:\/\/petraresch.de\/wp-f9866-content\/uploads\/2021\/02\/P1080449_PetraResch_Tuchbild-639x1536.jpg 639w, https:\/\/petraresch.de\/wp-f9866-content\/uploads\/2021\/02\/P1080449_PetraResch_Tuchbild-852x2048.jpg 852w, https:\/\/petraresch.de\/wp-f9866-content\/uploads\/2021\/02\/P1080449_PetraResch_Tuchbild.jpg 900w\" sizes=\"(max-width: 426px) 100vw, 426px\" \/><\/a><\/figure><\/li><li class=\"blocks-gallery-item\"><figure><a href=\"http:\/\/petraresch.de\/wp-f9866-content\/uploads\/2021\/02\/P1080448_PetraResch_Tuchbild.jpg\"><img decoding=\"async\" loading=\"lazy\" width=\"453\" height=\"1024\" src=\"http:\/\/petraresch.de\/wp-f9866-content\/uploads\/2021\/02\/P1080448_PetraResch_Tuchbild-453x1024.jpg\" alt=\"\" data-id=\"557\" data-full-url=\"http:\/\/petraresch.de\/wp-f9866-content\/uploads\/2021\/02\/P1080448_PetraResch_Tuchbild.jpg\" data-link=\"http:\/\/petraresch.de\/?attachment_id=557\" class=\"wp-image-557\" srcset=\"https:\/\/petraresch.de\/wp-f9866-content\/uploads\/2021\/02\/P1080448_PetraResch_Tuchbild-453x1024.jpg 453w, https:\/\/petraresch.de\/wp-f9866-content\/uploads\/2021\/02\/P1080448_PetraResch_Tuchbild-133x300.jpg 133w, https:\/\/petraresch.de\/wp-f9866-content\/uploads\/2021\/02\/P1080448_PetraResch_Tuchbild-768x1736.jpg 768w, https:\/\/petraresch.de\/wp-f9866-content\/uploads\/2021\/02\/P1080448_PetraResch_Tuchbild-680x1536.jpg 680w, https:\/\/petraresch.de\/wp-f9866-content\/uploads\/2021\/02\/P1080448_PetraResch_Tuchbild.jpg 900w\" sizes=\"(max-width: 453px) 100vw, 453px\" \/><\/a><\/figure><\/li><\/ul><\/figure>\n\n\n\n<p><em>o. T.<\/em><br><em>Malerei auf Tuch<\/em><br><em>je 170x70cm \/ 1994<\/em><br><br><\/p>\n\n\n\n<figure class=\"wp-block-image size-large is-resized\"><a href=\"http:\/\/petraresch.de\/wp-f9866-content\/uploads\/2021\/02\/P1080478_PetraResch_Tuchbild.jpg\"><img decoding=\"async\" loading=\"lazy\" src=\"http:\/\/petraresch.de\/wp-f9866-content\/uploads\/2021\/02\/P1080478_PetraResch_Tuchbild-671x1024.jpg\" alt=\"\" class=\"wp-image-562\" width=\"336\" height=\"512\" srcset=\"https:\/\/petraresch.de\/wp-f9866-content\/uploads\/2021\/02\/P1080478_PetraResch_Tuchbild-671x1024.jpg 671w, https:\/\/petraresch.de\/wp-f9866-content\/uploads\/2021\/02\/P1080478_PetraResch_Tuchbild-197x300.jpg 197w, https:\/\/petraresch.de\/wp-f9866-content\/uploads\/2021\/02\/P1080478_PetraResch_Tuchbild-768x1172.jpg 768w, https:\/\/petraresch.de\/wp-f9866-content\/uploads\/2021\/02\/P1080478_PetraResch_Tuchbild.jpg 900w\" sizes=\"(max-width: 336px) 100vw, 336px\" \/><\/a><\/figure>\n\n\n\n<p><em>o. T.<\/em><br><em>Malerei auf Tuch<\/em><br><em>215x130cm \/ 1994<\/em><br><br><\/p>\n\n\n\n<figure class=\"wp-block-image size-large is-resized\"><a href=\"http:\/\/petraresch.de\/wp-f9866-content\/uploads\/2021\/02\/P1080475_PetraResch_Tuchbild.jpg\"><img decoding=\"async\" loading=\"lazy\" src=\"http:\/\/petraresch.de\/wp-f9866-content\/uploads\/2021\/02\/P1080475_PetraResch_Tuchbild-627x1024.jpg\" alt=\"\" class=\"wp-image-561\" width=\"314\" height=\"512\" srcset=\"https:\/\/petraresch.de\/wp-f9866-content\/uploads\/2021\/02\/P1080475_PetraResch_Tuchbild-627x1024.jpg 627w, https:\/\/petraresch.de\/wp-f9866-content\/uploads\/2021\/02\/P1080475_PetraResch_Tuchbild-184x300.jpg 184w, https:\/\/petraresch.de\/wp-f9866-content\/uploads\/2021\/02\/P1080475_PetraResch_Tuchbild-768x1254.jpg 768w, https:\/\/petraresch.de\/wp-f9866-content\/uploads\/2021\/02\/P1080475_PetraResch_Tuchbild.jpg 900w\" sizes=\"(max-width: 314px) 100vw, 314px\" \/><\/a><\/figure>\n\n\n\n<p><em>o. T.<\/em><br><em>Malerei auf Tuch<\/em><br><em>215x120cm \/ 1994<\/em><br><br><\/p>\n\n\n\n<figure class=\"wp-block-image size-full is-resized\"><a href=\"http:\/\/petraresch.de\/wp-f9866-content\/uploads\/2021\/02\/P1080474_PetraResch_Tuchbild.jpg\"><img decoding=\"async\" loading=\"lazy\" src=\"http:\/\/petraresch.de\/wp-f9866-content\/uploads\/2021\/02\/P1080474_PetraResch_Tuchbild.jpg\" alt=\"\" class=\"wp-image-560\" width=\"450\" height=\"335\" srcset=\"https:\/\/petraresch.de\/wp-f9866-content\/uploads\/2021\/02\/P1080474_PetraResch_Tuchbild.jpg 900w, https:\/\/petraresch.de\/wp-f9866-content\/uploads\/2021\/02\/P1080474_PetraResch_Tuchbild-300x223.jpg 300w, https:\/\/petraresch.de\/wp-f9866-content\/uploads\/2021\/02\/P1080474_PetraResch_Tuchbild-768x572.jpg 768w\" sizes=\"(max-width: 450px) 100vw, 450px\" \/><\/a><\/figure>\n\n\n\n<p><em>Figur I und Figur II<\/em><br><em>Malerei auf Tuch<\/em><br><em>je 140x92cm \/ 1994<\/em><\/p>\n","protected":false},"excerpt":{"rendered":"<p>Allt\u00e4gliche Gegenst\u00e4nde gegen allt\u00e4gliche Vertotungen2 Vitrinen unter Verwendung eines Gedichts von Ingeborg BachmannPH Dresden, LGIII1989 o. T.Malerei auf Tuchje 170x70cm \/ 1994 o. T.Malerei auf Tuch215x130cm \/ 1994 o. T.Malerei auf Tuch215x120cm \/ 1994 Figur I und Figur IIMalerei auf Tuchje 140x92cm \/ 1994<\/p>\n","protected":false},"author":1,"featured_media":0,"parent":0,"menu_order":0,"comment_status":"closed","ping_status":"closed","template":"","meta":{"footnotes":""},"_links":{"self":[{"href":"https:\/\/petraresch.de\/index.php?rest_route=\/wp\/v2\/pages\/181"}],"collection":[{"href":"https:\/\/petraresch.de\/index.php?rest_route=\/wp\/v2\/pages"}],"about":[{"href":"https:\/\/petraresch.de\/index.php?rest_route=\/wp\/v2\/types\/page"}],"author":[{"embeddable":true,"href":"https:\/\/petraresch.de\/index.php?rest_route=\/wp\/v2\/users\/1"}],"replies":[{"embeddable":true,"href":"https:\/\/petraresch.de\/index.php?rest_route=%2Fwp%2Fv2%2Fcomments&post=181"}],"version-history":[{"count":12,"href":"https:\/\/petraresch.de\/index.php?rest_route=\/wp\/v2\/pages\/181\/revisions"}],"predecessor-version":[{"id":705,"href":"https:\/\/petraresch.de\/index.php?rest_route=\/wp\/v2\/pages\/181\/revisions\/705"}],"wp:attachment":[{"href":"https:\/\/petraresch.de\/index.php?rest_route=%2Fwp%2Fv2%2Fmedia&parent=181"}],"curies":[{"name":"wp","href":"https:\/\/api.w.org\/{rel}","templated":true}]}}