{"id":17,"date":"2021-01-20T19:47:46","date_gmt":"2021-01-20T17:47:46","guid":{"rendered":"http:\/\/petraresch.de\/?page_id=17"},"modified":"2021-04-06T20:47:55","modified_gmt":"2021-04-06T18:47:55","slug":"lyrikbaende","status":"publish","type":"page","link":"https:\/\/petraresch.de\/?page_id=17","title":{"rendered":"Lyrik"},"content":{"rendered":"\n<figure class=\"wp-block-gallery columns-4 is-cropped wp-block-gallery-1 is-layout-flex wp-block-gallery-is-layout-flex\"><ul class=\"blocks-gallery-grid\"><li class=\"blocks-gallery-item\"><figure><img decoding=\"async\" loading=\"lazy\" width=\"625\" height=\"1024\" src=\"http:\/\/petraresch.de\/wp-f9866-content\/uploads\/2021\/02\/P1080454_PetraResch_Lyrikband_moosgruen-daemmerts-im-stein-625x1024.jpg\" alt=\"\" data-id=\"355\" data-full-url=\"http:\/\/petraresch.de\/wp-f9866-content\/uploads\/2021\/02\/P1080454_PetraResch_Lyrikband_moosgruen-daemmerts-im-stein.jpg\" data-link=\"http:\/\/petraresch.de\/?attachment_id=355\" class=\"wp-image-355\" srcset=\"https:\/\/petraresch.de\/wp-f9866-content\/uploads\/2021\/02\/P1080454_PetraResch_Lyrikband_moosgruen-daemmerts-im-stein-625x1024.jpg 625w, https:\/\/petraresch.de\/wp-f9866-content\/uploads\/2021\/02\/P1080454_PetraResch_Lyrikband_moosgruen-daemmerts-im-stein-183x300.jpg 183w, https:\/\/petraresch.de\/wp-f9866-content\/uploads\/2021\/02\/P1080454_PetraResch_Lyrikband_moosgruen-daemmerts-im-stein-768x1258.jpg 768w, https:\/\/petraresch.de\/wp-f9866-content\/uploads\/2021\/02\/P1080454_PetraResch_Lyrikband_moosgruen-daemmerts-im-stein.jpg 850w\" sizes=\"(max-width: 625px) 100vw, 625px\" \/><\/figure><\/li><li class=\"blocks-gallery-item\"><figure><img decoding=\"async\" loading=\"lazy\" width=\"626\" height=\"1024\" src=\"http:\/\/petraresch.de\/wp-f9866-content\/uploads\/2021\/02\/P1080455_PetraResch_Lyrikband_eros-ion-626x1024.jpg\" alt=\"\" data-id=\"356\" data-full-url=\"http:\/\/petraresch.de\/wp-f9866-content\/uploads\/2021\/02\/P1080455_PetraResch_Lyrikband_eros-ion.jpg\" data-link=\"http:\/\/petraresch.de\/?attachment_id=356\" class=\"wp-image-356\" srcset=\"https:\/\/petraresch.de\/wp-f9866-content\/uploads\/2021\/02\/P1080455_PetraResch_Lyrikband_eros-ion-626x1024.jpg 626w, https:\/\/petraresch.de\/wp-f9866-content\/uploads\/2021\/02\/P1080455_PetraResch_Lyrikband_eros-ion-183x300.jpg 183w, https:\/\/petraresch.de\/wp-f9866-content\/uploads\/2021\/02\/P1080455_PetraResch_Lyrikband_eros-ion-768x1256.jpg 768w, https:\/\/petraresch.de\/wp-f9866-content\/uploads\/2021\/02\/P1080455_PetraResch_Lyrikband_eros-ion.jpg 850w\" sizes=\"(max-width: 626px) 100vw, 626px\" \/><\/figure><\/li><li class=\"blocks-gallery-item\"><figure><img decoding=\"async\" loading=\"lazy\" width=\"641\" height=\"1024\" src=\"http:\/\/petraresch.de\/wp-f9866-content\/uploads\/2021\/02\/P1080456_PetraResch_Lyrikband_notiert-641x1024.jpg\" alt=\"\" data-id=\"357\" data-full-url=\"http:\/\/petraresch.de\/wp-f9866-content\/uploads\/2021\/02\/P1080456_PetraResch_Lyrikband_notiert.jpg\" data-link=\"http:\/\/petraresch.de\/?attachment_id=357\" class=\"wp-image-357\" srcset=\"https:\/\/petraresch.de\/wp-f9866-content\/uploads\/2021\/02\/P1080456_PetraResch_Lyrikband_notiert-641x1024.jpg 641w, https:\/\/petraresch.de\/wp-f9866-content\/uploads\/2021\/02\/P1080456_PetraResch_Lyrikband_notiert-188x300.jpg 188w, https:\/\/petraresch.de\/wp-f9866-content\/uploads\/2021\/02\/P1080456_PetraResch_Lyrikband_notiert-768x1227.jpg 768w, https:\/\/petraresch.de\/wp-f9866-content\/uploads\/2021\/02\/P1080456_PetraResch_Lyrikband_notiert.jpg 850w\" sizes=\"(max-width: 641px) 100vw, 641px\" \/><\/figure><\/li><li class=\"blocks-gallery-item\"><figure><img decoding=\"async\" loading=\"lazy\" width=\"619\" height=\"1024\" src=\"http:\/\/petraresch.de\/wp-f9866-content\/uploads\/2021\/02\/P1080457_PetraResch_Lyrikband_oertlich-schauer-619x1024.jpg\" alt=\"\" data-id=\"358\" data-full-url=\"http:\/\/petraresch.de\/wp-f9866-content\/uploads\/2021\/02\/P1080457_PetraResch_Lyrikband_oertlich-schauer.jpg\" data-link=\"http:\/\/petraresch.de\/?attachment_id=358\" class=\"wp-image-358\" srcset=\"https:\/\/petraresch.de\/wp-f9866-content\/uploads\/2021\/02\/P1080457_PetraResch_Lyrikband_oertlich-schauer-619x1024.jpg 619w, https:\/\/petraresch.de\/wp-f9866-content\/uploads\/2021\/02\/P1080457_PetraResch_Lyrikband_oertlich-schauer-181x300.jpg 181w, https:\/\/petraresch.de\/wp-f9866-content\/uploads\/2021\/02\/P1080457_PetraResch_Lyrikband_oertlich-schauer-768x1271.jpg 768w, https:\/\/petraresch.de\/wp-f9866-content\/uploads\/2021\/02\/P1080457_PetraResch_Lyrikband_oertlich-schauer.jpg 850w\" sizes=\"(max-width: 619px) 100vw, 619px\" \/><\/figure><\/li><\/ul><\/figure>\n\n\n\n<p><a href=\"http:\/\/petraresch.de\/?page_id=61\">moosgr\u00fcn d\u00e4mmerts im stein | 1996<\/a><\/p>\n\n\n\n<p><a href=\"http:\/\/petraresch.de\/?page_id=66\">eros ion | 1997<\/a><\/p>\n\n\n\n<p><a href=\"http:\/\/petraresch.de\/?page_id=68\u200e(\u00f6ffnet in neuem Tab)\">notiert | 1998<\/a><\/p>\n\n\n\n<p><a href=\"http:\/\/petraresch.de\/?page_id=70\u200e(\u00f6ffnet in neuem Tab)\">\u00f6rtlich schauer | 2000<\/a><\/p>\n\n\n\n<p>Auflagenh\u00f6he je 50 St\u00fcck | in Garamond Handsatz | Gutenberg-Kabinett |&nbsp;TU Dresden | Satz und Druck durch Christine und Lothar K\u00fchnert und Karin H\u00e4nig | buchbinderische Verarbeitung durch Grafikatelier Punkt und Partner<\/p>\n","protected":false},"excerpt":{"rendered":"<p>moosgr\u00fcn d\u00e4mmerts im stein | 1996 eros ion | 1997 notiert | 1998 \u00f6rtlich schauer | 2000 Auflagenh\u00f6he je 50 St\u00fcck | in Garamond Handsatz | Gutenberg-Kabinett |&nbsp;TU Dresden | Satz und Druck durch Christine und Lothar K\u00fchnert und Karin H\u00e4nig | buchbinderische Verarbeitung durch Grafikatelier Punkt und Partner<\/p>\n","protected":false},"author":1,"featured_media":0,"parent":0,"menu_order":0,"comment_status":"closed","ping_status":"closed","template":"","meta":{"footnotes":""},"_links":{"self":[{"href":"https:\/\/petraresch.de\/index.php?rest_route=\/wp\/v2\/pages\/17"}],"collection":[{"href":"https:\/\/petraresch.de\/index.php?rest_route=\/wp\/v2\/pages"}],"about":[{"href":"https:\/\/petraresch.de\/index.php?rest_route=\/wp\/v2\/types\/page"}],"author":[{"embeddable":true,"href":"https:\/\/petraresch.de\/index.php?rest_route=\/wp\/v2\/users\/1"}],"replies":[{"embeddable":true,"href":"https:\/\/petraresch.de\/index.php?rest_route=%2Fwp%2Fv2%2Fcomments&post=17"}],"version-history":[{"count":11,"href":"https:\/\/petraresch.de\/index.php?rest_route=\/wp\/v2\/pages\/17\/revisions"}],"predecessor-version":[{"id":697,"href":"https:\/\/petraresch.de\/index.php?rest_route=\/wp\/v2\/pages\/17\/revisions\/697"}],"wp:attachment":[{"href":"https:\/\/petraresch.de\/index.php?rest_route=%2Fwp%2Fv2%2Fmedia&parent=17"}],"curies":[{"name":"wp","href":"https:\/\/api.w.org\/{rel}","templated":true}]}}