{"id":82,"date":"2021-01-28T17:20:44","date_gmt":"2021-01-28T15:20:44","guid":{"rendered":"http:\/\/petraresch.de\/?page_id=82"},"modified":"2021-02-05T12:54:52","modified_gmt":"2021-02-05T10:54:52","slug":"am-anderen-ort","status":"publish","type":"page","link":"http:\/\/petraresch.de\/?page_id=82","title":{"rendered":"-am anderen ort-"},"content":{"rendered":"\n<p><strong>Heinz Wei\u00dfflog zur Ausstellung -am anderen ort- | 2011<\/strong><\/p>\n\n\n\n<p class=\"has-drop-cap\">am anderen ort, so der Titel der Ausstellung, weilte P.R. oft auf Reisen, am Mittelmeer oder in Arabien, j\u00fcngst im Jemen. Zusammen mit ihrem Ehemann erkundet sie fremde Landschaften, andere Menschen, interessiert sich f\u00fcr deren Geschichte und Politik. Schlie\u00dflich setzt sie Eindr\u00fccke in ihren Arbeiten um, besonders in den abstrakt informellen Landschaften, beeinflusst von den W\u00fcstengebirgen des Jemen, durch das sie tagelang wanderten\u2026 Der \u201eandere Ort\u201c, das ist aber auch das \u201eOrplid\u201c, von dem E. M\u00f6ricke begeistert sprach, der unantastbare Ort des selbst, Ziel der Sehnsucht, ein \u201eabwesend sein\u201c f\u00fcr die anderen und ein Sein bei sich, das in den Tiefen des eigenen Ichs versunken ist. Das bedeutet: eine Absence von der \u00e4u\u00dferen Welt und die Ankunft im Gegenw\u00e4rtigen, die sich im Augenblick der Arbeit dem Inneren zukehrt und Erf\u00fcllung findet\u2026<\/p>\n\n\n\n<p>Petra Resch fr\u00f6nt ihrer Leidenschaft und Liebe zur Kunstgeschichte, auf die sie mit einer eigenen k\u00fcnstlerischen Sprache antwortet. Die Serie \u201eBilder zu Bildern\u201c besteht aus Collagen mit farbigen Papieren, Bildausschnitten von Gem\u00e4ldereproduktionen, Fotografien, sowie eigener Malerei\u2026 Hier mischen sich Ernsthaftigkeit, Respekt und Humor wie auch im Naturell der Malerin\u2026. Manchmal rahmt sie auch einfach nur ihr interessant erscheinende Fundst\u00fccke aus Archiven zusammen mit ausgedienten Karteikarten und Kunstreproduktionen\u2026zu einem dritten Neuem\u2026P.R. hat inzwischen 4 Gedichtb\u00e4nde verfasst, in denen\u2026 Verg\u00e4nglichkeit und Schicksal, Trauer und ein intelligenter Witz das Absurden schwingen in den Zeilen ebenso wie eine irrationale Suche nach Erl\u00f6sung\u2026Ihr Herz h\u00e4ngt an der verantwortungsvollen Lehrt\u00e4tigkeit und am Malen, f\u00fcr P.R. eine wichtige Einheit der Gegens\u00e4tze, die sich gegenseitig bedingen und befruchten. Jede Kunstlehre liefe ohne eine eigene Praxis ins Leere\u2026<\/p>\n\n\n\n<p>Text: Heinz Wei\u00dfflog<\/p>\n","protected":false},"excerpt":{"rendered":"<p>Heinz Wei\u00dfflog zur Ausstellung -am anderen ort- | 2011 am anderen ort, so der Titel der Ausstellung, weilte P.R. oft auf Reisen, am Mittelmeer oder in Arabien, j\u00fcngst im Jemen. Zusammen mit ihrem Ehemann erkundet sie fremde Landschaften, andere Menschen, interessiert sich f\u00fcr deren Geschichte und Politik. Schlie\u00dflich setzt sie Eindr\u00fccke in ihren Arbeiten um, &hellip; <a href=\"http:\/\/petraresch.de\/?page_id=82\" class=\"more-link\"><span class=\"screen-reader-text\">-am anderen ort-<\/span> weiterlesen <span class=\"meta-nav\">&rarr;<\/span><\/a><\/p>\n","protected":false},"author":1,"featured_media":0,"parent":0,"menu_order":0,"comment_status":"closed","ping_status":"closed","template":"","meta":{"footnotes":""},"_links":{"self":[{"href":"http:\/\/petraresch.de\/index.php?rest_route=\/wp\/v2\/pages\/82"}],"collection":[{"href":"http:\/\/petraresch.de\/index.php?rest_route=\/wp\/v2\/pages"}],"about":[{"href":"http:\/\/petraresch.de\/index.php?rest_route=\/wp\/v2\/types\/page"}],"author":[{"embeddable":true,"href":"http:\/\/petraresch.de\/index.php?rest_route=\/wp\/v2\/users\/1"}],"replies":[{"embeddable":true,"href":"http:\/\/petraresch.de\/index.php?rest_route=%2Fwp%2Fv2%2Fcomments&post=82"}],"version-history":[{"count":8,"href":"http:\/\/petraresch.de\/index.php?rest_route=\/wp\/v2\/pages\/82\/revisions"}],"predecessor-version":[{"id":335,"href":"http:\/\/petraresch.de\/index.php?rest_route=\/wp\/v2\/pages\/82\/revisions\/335"}],"wp:attachment":[{"href":"http:\/\/petraresch.de\/index.php?rest_route=%2Fwp%2Fv2%2Fmedia&parent=82"}],"curies":[{"name":"wp","href":"https:\/\/api.w.org\/{rel}","templated":true}]}}