{"id":79,"date":"2021-01-28T17:21:20","date_gmt":"2021-01-28T15:21:20","guid":{"rendered":"http:\/\/petraresch.de\/?page_id=79"},"modified":"2021-02-05T14:15:52","modified_gmt":"2021-02-05T12:15:52","slug":"oertlich-schauer-2","status":"publish","type":"page","link":"http:\/\/petraresch.de\/?page_id=79","title":{"rendered":"-\u00f6rtlich schauer-"},"content":{"rendered":"\n<p><strong>Heinz Wei\u00dfflog zur Ausstellung -\u00f6rtlich schauer- <strong>(Ausz\u00fcge)<\/strong> | 2005<\/strong><\/p>\n\n\n\n<p class=\"has-drop-cap\">Eine Kindheit entscheidet immer den Weg, den ein Mensch gehen wird. Die Malerin und Poetin Petra Resch erfuhr ihre ersten k\u00fcnstlerischen Impulse in der freien Natur von Niederottendorf\/ Sa. nahe der Lausitz, wo sie freie und ungest\u00f6rte Kindheitstage verlebte. \u2026Das ist keineswegs eine heile Welt gewesen, aber es war eine Welt in der Beh\u00fctet sein und Loslassen seitens der Eltern und Gro\u00dfeltern eine Einheit bildeten, die zur Entfaltung strebten und Wege aufzeigten, die nach und nach gangbar wurden und in die Welt der Kunst f\u00fchrten\u2026 Vor der Natur sein hei\u00dft zun\u00e4chst immer: Einsam sein. Die Gr\u00f6\u00dfe des Kosmos begreifen, die Gr\u00f6\u00dfe der Dinge vor Augen, macht klein und unscheinbar. Erst wenn begriffen wird, dass all diese Gr\u00f6\u00dfe in uns selbst gewirkt ist und versammelt als ein gro\u00dfer Spiegel des Seins in uns selbst, weicht die Kleinheit einem Verst\u00e4ndnis f\u00fcr die Welt, die uns mit ihr eins macht. Doch zuvor kommen die Br\u00fcche: Und dies ist das Wesentliche auch im Werk von Petra Resch. \u2026Die Natur hat in den letzten 50 Jahren Ungeheures erlitten. Autobahnen und Kaufparke dominieren eine Landschaft, die zuvor fruchtbares Ackerland und kostbarer Wald war. \u00dcberall begegnen uns Schmutz und Ausscheidungen von Industrie und Mensch\u2026In diese Br\u00fcche hinein hat P.R. ihre Phantasie gesetzt, oft in einem Gr\u00fcn oder Blau, das durch ein farbiges Schwarz gebrochen wird\u2026. Landschaften ragen heraus, fremde Vulkane und Meere und Monde, Farbturbulenzen versprechen sich Hoffnung auf Begegnung mit Unbekanntem. Hier ist die Moderne eingedrungen in eine Welt der Romantik mit rigorosen Fl\u00e4chensetzungen und Farben. Trauer und Verlust, die Romantik auch bedeuten, werden durch das Wagnis von Neuem, neuer Formen und Ideen ersetzt, in denen das Alte aufgehoben ist\u2026. Die Ausstellung tr\u00e4gt den Namen \u201c\u00d6rtlich Schauer\u201c, genauso wie P.R. Gedichtband aus dem Jahre 2000. In zahlreichen kurzen Schilderungen erf\u00e4hrt der Leser gewisserma\u00dfen Randzonen des Erlebten\u2026<\/p>\n\n\n\n<p>Text: Heinz Wei\u00dfflog<\/p>\n","protected":false},"excerpt":{"rendered":"<p>Heinz Wei\u00dfflog zur Ausstellung -\u00f6rtlich schauer- (Ausz\u00fcge) | 2005 Eine Kindheit entscheidet immer den Weg, den ein Mensch gehen wird. Die Malerin und Poetin Petra Resch erfuhr ihre ersten k\u00fcnstlerischen Impulse in der freien Natur von Niederottendorf\/ Sa. nahe der Lausitz, wo sie freie und ungest\u00f6rte Kindheitstage verlebte. \u2026Das ist keineswegs eine heile Welt gewesen, &hellip; <a href=\"http:\/\/petraresch.de\/?page_id=79\" class=\"more-link\"><span class=\"screen-reader-text\">-\u00f6rtlich schauer-<\/span> weiterlesen <span class=\"meta-nav\">&rarr;<\/span><\/a><\/p>\n","protected":false},"author":1,"featured_media":0,"parent":0,"menu_order":0,"comment_status":"closed","ping_status":"closed","template":"","meta":{"footnotes":""},"_links":{"self":[{"href":"http:\/\/petraresch.de\/index.php?rest_route=\/wp\/v2\/pages\/79"}],"collection":[{"href":"http:\/\/petraresch.de\/index.php?rest_route=\/wp\/v2\/pages"}],"about":[{"href":"http:\/\/petraresch.de\/index.php?rest_route=\/wp\/v2\/types\/page"}],"author":[{"embeddable":true,"href":"http:\/\/petraresch.de\/index.php?rest_route=\/wp\/v2\/users\/1"}],"replies":[{"embeddable":true,"href":"http:\/\/petraresch.de\/index.php?rest_route=%2Fwp%2Fv2%2Fcomments&post=79"}],"version-history":[{"count":11,"href":"http:\/\/petraresch.de\/index.php?rest_route=\/wp\/v2\/pages\/79\/revisions"}],"predecessor-version":[{"id":397,"href":"http:\/\/petraresch.de\/index.php?rest_route=\/wp\/v2\/pages\/79\/revisions\/397"}],"wp:attachment":[{"href":"http:\/\/petraresch.de\/index.php?rest_route=%2Fwp%2Fv2%2Fmedia&parent=79"}],"curies":[{"name":"wp","href":"https:\/\/api.w.org\/{rel}","templated":true}]}}