{"id":756,"date":"2022-01-31T14:53:23","date_gmt":"2022-01-31T12:53:23","guid":{"rendered":"http:\/\/petraresch.de\/?page_id=756"},"modified":"2022-01-31T15:00:25","modified_gmt":"2022-01-31T13:00:25","slug":"ueber-die-ufer-2","status":"publish","type":"page","link":"http:\/\/petraresch.de\/?page_id=756","title":{"rendered":"-\u00fcber die ufer-"},"content":{"rendered":"\n<p><strong>Gwendolin Kremer zur Ausstellung -\u00fcber die ufer- | 2022<\/strong><\/p>\n\n\n\n<p>Artikel auf der Website der Kustodie TU Dresden vom 12.01.2022<\/p>\n\n\n\n<p><\/p>\n\n\n\n<p><a href=\"https:\/\/tu-dresden.de\/kustodie\/die-einrichtung\/aktuelles\/news\/ueber-die-ufer-mit-einer-beeindruckenden-ausstellung-verabschiedet-sich-dr-petra-resch-wiss-mitarbeiterin-im-fachbereich-kunstpaedagogik-der-tud-in-den-ruhestand\">https:\/\/tu-dresden.de\/kustodie\/die-einrichtung\/aktuelles\/news\/ueber-die-ufer-mit-einer-beeindruckenden-ausstellung-verabschiedet-sich-dr-petra-resch-wiss-mitarbeiterin-im-fachbereich-kunstpaedagogik-der-tud-in-den-ruhestand<\/a><\/p>\n\n\n\n<p><\/p>\n\n\n\n<p>MIT EINER BEEINDRUCKENDEN AUSSTELLUNG VERABSCHIEDET SICH DR. PETRA RESCH, WISS. MITARBEITERIN IM FACHBEREICH KUNSTP\u00c4DAGOGIK DER TUD, IN DEN RUHESTAND<\/p>\n\n\n\n<p class=\"has-drop-cap\">Nahezu 30 Jahre hat Dr. Petra Resch (*1956 in Niederottendorf, lebt in Dresden), die erst an der PH Dresden, dann seit 1993 an der TU Dresden als Kunstp\u00e4dagogin lehrte, die k\u00fcnstlerische und kunsttheoretische Ausbildung vieler Lehrer:innengenerationen in Sachsen nachhaltig gepr\u00e4gt.<\/p>\n\n\n\n<p>Nur wenigen war bekannt, dass Petra Resch neben ihrer p\u00e4dagogischen Lehrt\u00e4tigkeit selbst als K\u00fcnstlerin arbeitet und seit den 1970er-Jahren ein umfangreiches Werk zwischen Malerei, Collage und Zeichnung geschaffen hat.<\/p>\n\n\n\n<p>Dabei sch\u00f6pft sie aus dem gesamten Kanon der Kunst im 20. Jahrhundert, wenn sie sich intensiv mit dem Eigenwert von Farbe und Form in ihren monochromen Malereien auseinandersetzt und die Tradition des Konstruktivismus und der Farbfeldmalerei untersucht. Gleichzeitig wird ihr Werk von Arbeiten auf Papier charakterisiert, hier greift die K\u00fcnstlerin mittels Zitaten immer wieder Bez\u00fcge aus der Kunstgeschichte auf. Sie vereint Antike, Str\u00f6mungen aus der romantischen Literatur und Reiseeindr\u00fccke in den S\u00fcden zu kaleidoskopartig verdichteten Erz\u00e4hlungen insbesondere der europ\u00e4ischen Geistesgeschichte. Die Collagen zeigen Zeichnungen, Fotografien und Textfragmente, die von einer von Farbe und Form bestimmten Komposition zusammengehalten werden und wiederum auf die malerischen Arbeiten verweisen.<\/p>\n\n\n\n<p>Der Gang im Erdgescho\u00df der TUD-Liegenschaft August-Bebel-Stra\u00dfe, hier ist der Fachbereich Kunstp\u00e4dagogik neben der Kunst- und Musikwissenschaft sowie dem Technischen Design beheimatet, begr\u00fc\u00dft seit dem 10. Januar Studierende und Mitarbeitende mit einer farbstarken verdichteten \u00dcberblicksschau zum Werk von Petra Resch, die bis Ende Januar 2022 zu sehen ist.<\/p>\n\n\n\n<p>Anl\u00e4sslich ihrer Verabschiedung schenkt Petra Resch dem Kunstbesitz der Kustodie der TU Dresden ein monochromes Tafelbild in Ultramarinblau, das in Auseinandersetzung mit der Farbstoffsammlung der TU Dresden entstanden ist.<br><br><\/p>\n\n\n\n<p>Artikel im Dresdner Universit\u00e4tsjournal der TU Dresden vom 18.01.2022<\/p>\n\n\n\n<figure class=\"wp-block-image size-large\"><a href=\"http:\/\/petraresch.de\/wp-f9866-content\/uploads\/2022\/01\/PetraResch_TUDUnijournal_ueberdieufer_2022-1.jpg\"><img decoding=\"async\" loading=\"lazy\" width=\"913\" height=\"277\" src=\"http:\/\/petraresch.de\/wp-f9866-content\/uploads\/2022\/01\/PetraResch_TUDUnijournal_ueberdieufer_2022-1.jpg\" alt=\"\" class=\"wp-image-763\" srcset=\"http:\/\/petraresch.de\/wp-f9866-content\/uploads\/2022\/01\/PetraResch_TUDUnijournal_ueberdieufer_2022-1.jpg 913w, http:\/\/petraresch.de\/wp-f9866-content\/uploads\/2022\/01\/PetraResch_TUDUnijournal_ueberdieufer_2022-1-300x91.jpg 300w, http:\/\/petraresch.de\/wp-f9866-content\/uploads\/2022\/01\/PetraResch_TUDUnijournal_ueberdieufer_2022-1-768x233.jpg 768w\" sizes=\"(max-width: 913px) 100vw, 913px\" \/><\/a><\/figure>\n\n\n\n<p><\/p>\n","protected":false},"excerpt":{"rendered":"<p>Gwendolin Kremer zur Ausstellung -\u00fcber die ufer- | 2022 Artikel auf der Website der Kustodie TU Dresden vom 12.01.2022 https:\/\/tu-dresden.de\/kustodie\/die-einrichtung\/aktuelles\/news\/ueber-die-ufer-mit-einer-beeindruckenden-ausstellung-verabschiedet-sich-dr-petra-resch-wiss-mitarbeiterin-im-fachbereich-kunstpaedagogik-der-tud-in-den-ruhestand MIT EINER BEEINDRUCKENDEN AUSSTELLUNG VERABSCHIEDET SICH DR. PETRA RESCH, WISS. MITARBEITERIN IM FACHBEREICH KUNSTP\u00c4DAGOGIK DER TUD, IN DEN RUHESTAND Nahezu 30 Jahre hat Dr. Petra Resch (*1956 in Niederottendorf, lebt in Dresden), die erst an &hellip; <a href=\"http:\/\/petraresch.de\/?page_id=756\" class=\"more-link\"><span class=\"screen-reader-text\">-\u00fcber die ufer-<\/span> weiterlesen <span class=\"meta-nav\">&rarr;<\/span><\/a><\/p>\n","protected":false},"author":1,"featured_media":0,"parent":0,"menu_order":0,"comment_status":"closed","ping_status":"closed","template":"","meta":{"footnotes":""},"_links":{"self":[{"href":"http:\/\/petraresch.de\/index.php?rest_route=\/wp\/v2\/pages\/756"}],"collection":[{"href":"http:\/\/petraresch.de\/index.php?rest_route=\/wp\/v2\/pages"}],"about":[{"href":"http:\/\/petraresch.de\/index.php?rest_route=\/wp\/v2\/types\/page"}],"author":[{"embeddable":true,"href":"http:\/\/petraresch.de\/index.php?rest_route=\/wp\/v2\/users\/1"}],"replies":[{"embeddable":true,"href":"http:\/\/petraresch.de\/index.php?rest_route=%2Fwp%2Fv2%2Fcomments&post=756"}],"version-history":[{"count":11,"href":"http:\/\/petraresch.de\/index.php?rest_route=\/wp\/v2\/pages\/756\/revisions"}],"predecessor-version":[{"id":771,"href":"http:\/\/petraresch.de\/index.php?rest_route=\/wp\/v2\/pages\/756\/revisions\/771"}],"wp:attachment":[{"href":"http:\/\/petraresch.de\/index.php?rest_route=%2Fwp%2Fv2%2Fmedia&parent=756"}],"curies":[{"name":"wp","href":"https:\/\/api.w.org\/{rel}","templated":true}]}}