{"id":66,"date":"2021-01-26T18:11:17","date_gmt":"2021-01-26T16:11:17","guid":{"rendered":"http:\/\/petraresch.de\/?page_id=66"},"modified":"2021-02-05T13:30:27","modified_gmt":"2021-02-05T11:30:27","slug":"eros-ion","status":"publish","type":"page","link":"http:\/\/petraresch.de\/?page_id=66","title":{"rendered":"eros ion"},"content":{"rendered":"\n<figure class=\"wp-block-image size-medium\"><a href=\"http:\/\/petraresch.de\/wp-f9866-content\/uploads\/2021\/02\/P1080455_PetraResch_Lyrikband_eros-ion.jpg\"><img decoding=\"async\" loading=\"lazy\" width=\"183\" height=\"300\" src=\"http:\/\/petraresch.de\/wp-f9866-content\/uploads\/2021\/02\/P1080455_PetraResch_Lyrikband_eros-ion-183x300.jpg\" alt=\"\" class=\"wp-image-356\" srcset=\"http:\/\/petraresch.de\/wp-f9866-content\/uploads\/2021\/02\/P1080455_PetraResch_Lyrikband_eros-ion-183x300.jpg 183w, http:\/\/petraresch.de\/wp-f9866-content\/uploads\/2021\/02\/P1080455_PetraResch_Lyrikband_eros-ion-626x1024.jpg 626w, http:\/\/petraresch.de\/wp-f9866-content\/uploads\/2021\/02\/P1080455_PetraResch_Lyrikband_eros-ion-768x1256.jpg 768w, http:\/\/petraresch.de\/wp-f9866-content\/uploads\/2021\/02\/P1080455_PetraResch_Lyrikband_eros-ion.jpg 850w\" sizes=\"(max-width: 183px) 100vw, 183px\" \/><\/a><\/figure>\n\n\n\n<p>_______________<\/p>\n\n\n\n<p><strong>Gedichte | 1997<\/strong><\/p>\n\n\n\n<p>schneel\u00e4uten schwingt<br>in den b\u00e4umen bl\u00fctenmeere<br>wiegen sich weit<br>t\u00fccher von scharlach<br>h\u00fcllen die schatten<br>und tragen die sehnsucht fort<\/p>\n\n\n\n<p>_______________<\/p>\n\n\n\n<p>dort wo du nicht bist<br>in k\u00e4figen ich<br>die h\u00e4ute verbrennen<br>feuermattfaulige tage<br>allemal immerzu<\/p>\n\n\n\n<p>_______________<\/p>\n\n\n\n<p>vor deiner t\u00fcr treiben die bl\u00e4tter<br>wiesenschaumkrautmaiennacht<br>und die hunde bellen im vorwerk<br>fr\u00fchling allein<\/p>\n\n\n\n<p>_______________<\/p>\n\n\n\n<p>lindgr\u00fcne l\u00fcftchen<br>es wabert umher<br>zypressenzauberrausch<br>nach vier<br>menetekelts so sehr<\/p>\n\n\n\n<p>_______________<\/p>\n\n\n\n<p>felderweitundbreit juchzen zwei<br>raps und hundeblume<br>trompete mit schalmai<\/p>\n\n\n\n<p>_______________<\/p>\n\n\n\n<p>querw\u00e4rts himmelblau<br>fliegt die s\u00fcchtige s\u00fcnde<br>\u00fcbersch\u00e4umende woge<br>brausepulver orange<\/p>\n\n\n\n<p>_______________<\/p>\n\n\n\n<p>raumzeitlos gl\u00fchts<br>am rande der krater<br>ein schnein<\/p>\n\n\n\n<p>_______________<\/p>\n\n\n\n<p>in den schwarzen inseln<br>h\u00e4uten sich bl\u00fcten<br>schimmernde glut<br>im sterben<br>du bist<\/p>\n\n\n\n<p>_______________<\/p>\n\n\n\n<p>m\u00e4rzmorgen milchiger<br>verflucht verw\u00e4sserte zeiten<br>so bleich<br>kein blick<br>in den zimmern r\u00f6cheln die kranken<\/p>\n\n\n\n<p>_______________<\/p>\n\n\n\n<p>was schluckt heut der see<br>f\u00fcr rosa gebr\u00e4u<br>die hirsche am waldsaum stehn fassungslos da<\/p>\n\n\n\n<p>_______________<\/p>\n\n\n\n<p>aug hab acht<br>scharf seitw\u00e4rts<br>brennt es dir fort<br>die zeit heilt alles<br>sagt man<\/p>\n\n\n\n<p>_______________<\/p>\n","protected":false},"excerpt":{"rendered":"<p>_______________ Gedichte | 1997 schneel\u00e4uten schwingtin den b\u00e4umen bl\u00fctenmeerewiegen sich weitt\u00fccher von scharlachh\u00fcllen die schattenund tragen die sehnsucht fort _______________ dort wo du nicht bistin k\u00e4figen ichdie h\u00e4ute verbrennenfeuermattfaulige tageallemal immerzu _______________ vor deiner t\u00fcr treiben die bl\u00e4tterwiesenschaumkrautmaiennachtund die hunde bellen im vorwerkfr\u00fchling allein _______________ lindgr\u00fcne l\u00fcftchenes wabert umherzypressenzauberrauschnach viermenetekelts so sehr _______________ felderweitundbreit juchzen &hellip; <a href=\"http:\/\/petraresch.de\/?page_id=66\" class=\"more-link\"><span class=\"screen-reader-text\">eros ion<\/span> weiterlesen <span class=\"meta-nav\">&rarr;<\/span><\/a><\/p>\n","protected":false},"author":1,"featured_media":0,"parent":0,"menu_order":0,"comment_status":"closed","ping_status":"closed","template":"","meta":{"footnotes":""},"_links":{"self":[{"href":"http:\/\/petraresch.de\/index.php?rest_route=\/wp\/v2\/pages\/66"}],"collection":[{"href":"http:\/\/petraresch.de\/index.php?rest_route=\/wp\/v2\/pages"}],"about":[{"href":"http:\/\/petraresch.de\/index.php?rest_route=\/wp\/v2\/types\/page"}],"author":[{"embeddable":true,"href":"http:\/\/petraresch.de\/index.php?rest_route=\/wp\/v2\/users\/1"}],"replies":[{"embeddable":true,"href":"http:\/\/petraresch.de\/index.php?rest_route=%2Fwp%2Fv2%2Fcomments&post=66"}],"version-history":[{"count":10,"href":"http:\/\/petraresch.de\/index.php?rest_route=\/wp\/v2\/pages\/66\/revisions"}],"predecessor-version":[{"id":366,"href":"http:\/\/petraresch.de\/index.php?rest_route=\/wp\/v2\/pages\/66\/revisions\/366"}],"wp:attachment":[{"href":"http:\/\/petraresch.de\/index.php?rest_route=%2Fwp%2Fv2%2Fmedia&parent=66"}],"curies":[{"name":"wp","href":"https:\/\/api.w.org\/{rel}","templated":true}]}}